{"id":13,"date":"2017-02-27T17:27:28","date_gmt":"2017-02-27T16:27:28","guid":{"rendered":"http:\/\/www.cougarportugal.com\/?page_id=13"},"modified":"2022-04-08T18:08:50","modified_gmt":"2022-04-08T17:08:50","slug":"inscricao-rapida","status":"publish","type":"page","link":"https:\/\/www.cougarportugal.com\/","title":{"rendered":"INSCRI\u00c7\u00c3O R\u00c1PIDA!"},"content":{"rendered":"<h2><img loading=\"lazy\" decoding=\"async\" class=\"alignnone size-full wp-image-115\" src=\"http:\/\/www.cougarportugal.com\/wp-content\/uploads\/2018\/03\/header_mulheres-cougar-maduras.jpg\" alt=\"\" width=\"975\" height=\"450\" srcset=\"https:\/\/www.cougarportugal.com\/wp-content\/uploads\/2018\/03\/header_mulheres-cougar-maduras.jpg 975w, https:\/\/www.cougarportugal.com\/wp-content\/uploads\/2018\/03\/header_mulheres-cougar-maduras-585x270.jpg 585w, https:\/\/www.cougarportugal.com\/wp-content\/uploads\/2018\/03\/header_mulheres-cougar-maduras-768x354.jpg 768w\" sizes=\"auto, (max-width: 975px) 100vw, 975px\" \/><\/h2>\n<h3><strong>Para conhecer milhares de mulheres e homens solteiros \u2026<\/strong><strong>e para ENCONTRAR A SUA COUGAR, \u00e9 muito f\u00e1cil, s\u00f3 tem que inscrever-se, \u00e9 gr\u00e1tis!\u00a0<\/strong><\/h3>\n<p>N\u00e3o \u00e9 f\u00e1cil conhecer uma Cougar ou mulher madura porque as suas rela\u00e7\u00f5es com os seus \u00abcachorrinhos\u00bb s\u00e3o quase sempre ef\u00e9meras e muito discretas\u2026<\/p>\n<div id=\"attachment_49\" style=\"width: 340px\" class=\"wp-caption alignright\"><a href=\"http:\/\/www.cougarportugal.com\/index.php\/testemunho-de-uma-utilizadora\/\"><img loading=\"lazy\" decoding=\"async\" aria-describedby=\"caption-attachment-49\" class=\"wp-image-49 size-full\" src=\"http:\/\/www.cougarportugal.com\/wp-content\/uploads\/2017\/02\/ENCONTRAR-A-SUA-COUGAR.jpg\" alt=\"\" width=\"330\" height=\"184\" \/><\/a><p id=\"caption-attachment-49\" class=\"wp-caption-text\">ELAS E ELES ESPERAM POR SI EM COUGARPORTUGAL.COM!<\/p><\/div>\n<p style=\"text-align: left;\">Contudo, como podem confirmar psic\u00f3logos e soci\u00f3logos, dizer que estas rela\u00e7\u00f5es s\u00e3o \u00absecretas\u00bb n\u00e3o significa que sejam raras, muito antes pelo contr\u00e1rio!<br \/>\n\u00c9 por esta raz\u00e3o que um site como CougarPortugal.com existe. O nosso objetivo \u00e9 ajudar-te a conhecer Cougars ou mulheres maduras mais facilmente, com respeito e com a maior discri\u00e7\u00e3o&#8230;<\/p>\n","protected":false},"excerpt":{"rendered":"<p>Para conhecer milhares de mulheres e homens solteiros \u2026e para ENCONTRAR A SUA COUGAR, \u00e9 muito f\u00e1cil, s\u00f3 tem que inscrever-se, \u00e9 gr\u00e1tis!\u00a0 N\u00e3o \u00e9 f\u00e1cil conhecer uma Cougar ou mulher madura porque as suas rela\u00e7\u00f5es com os seus \u00abcachorrinhos\u00bb s\u00e3o quase sempre ef\u00e9meras e muito discretas\u2026 Contudo, como podem confirmar psic\u00f3logos e soci\u00f3logos, dizer [&hellip;]<br \/><a href=\"https:\/\/www.cougarportugal.com\/\" class=\"more-link\" >Continue reading&#8230;<\/a><\/p>\n","protected":false},"author":1,"featured_media":0,"parent":0,"menu_order":0,"comment_status":"closed","ping_status":"closed","template":"","meta":{"footnotes":""},"class_list":["post-13","page","type-page","status-publish","hentry"],"_links":{"self":[{"href":"https:\/\/www.cougarportugal.com\/index.php\/wp-json\/wp\/v2\/pages\/13","targetHints":{"allow":["GET"]}}],"collection":[{"href":"https:\/\/www.cougarportugal.com\/index.php\/wp-json\/wp\/v2\/pages"}],"about":[{"href":"https:\/\/www.cougarportugal.com\/index.php\/wp-json\/wp\/v2\/types\/page"}],"author":[{"embeddable":true,"href":"https:\/\/www.cougarportugal.com\/index.php\/wp-json\/wp\/v2\/users\/1"}],"replies":[{"embeddable":true,"href":"https:\/\/www.cougarportugal.com\/index.php\/wp-json\/wp\/v2\/comments?post=13"}],"version-history":[{"count":28,"href":"https:\/\/www.cougarportugal.com\/index.php\/wp-json\/wp\/v2\/pages\/13\/revisions"}],"predecessor-version":[{"id":160,"href":"https:\/\/www.cougarportugal.com\/index.php\/wp-json\/wp\/v2\/pages\/13\/revisions\/160"}],"wp:attachment":[{"href":"https:\/\/www.cougarportugal.com\/index.php\/wp-json\/wp\/v2\/media?parent=13"}],"curies":[{"name":"wp","href":"https:\/\/api.w.org\/{rel}","templated":true}]}}