{"id":19,"date":"2017-02-27T17:33:03","date_gmt":"2017-02-27T16:33:03","guid":{"rendered":"http:\/\/www.cougarportugal.com\/?page_id=19"},"modified":"2017-02-28T13:22:09","modified_gmt":"2017-02-28T13:22:09","slug":"a-cougar-segundo-jennifer-lopez","status":"publish","type":"page","link":"https:\/\/www.cougarportugal.com\/index.php\/a-cougar-segundo-jennifer-lopez\/","title":{"rendered":"A COUGAR SEGUNDO JENNIFER LOPEZ\u2026"},"content":{"rendered":"<p>A famosa atriz e cantora incomodou-se recentemente num programa de televis\u00e3o contra o uso do termo \u00ab\u00a0Cougar\u00a0\u00bb, que aparentemente julga as mulheres de um modo sexista e mis\u00f3gino\u2026 \u201cExiste um termo equivalente para os homens?\u201d perguntou. ?A resposta \u00e9 sim: existe o termo \u00ab\u00a0homem predador\u00a0\u00bb, mas h\u00e1 que reconhecer que n\u00e3o soa muito bem e que praticamente nunca se usa!<\/p>\n<p><img loading=\"lazy\" decoding=\"async\" class=\"size-full wp-image-43 aligncenter\" src=\"http:\/\/www.cougarportugal.com\/wp-content\/uploads\/2017\/02\/A-COUGAR-SEGUNDO-JENNIFER-LOPEZ.jpg\" alt=\"\" width=\"382\" height=\"191\" \/><\/p>\n<p>Este comunicado na imprensa foi uma oportunidade para ela promover o seu filme em que interpreta o papel de uma mulher Cougar e de uma m\u00e3e que vive um romance com o seu vizinho, um jovem da idade do seu filho.?Desse modo, disse: \u00ab\u00a0Se um jovem est\u00e1 interessado em mim, n\u00e3o h\u00e1 nada de errado nisso\u2026\u00a0\u00bb.?Estamos totalmente de acordo!\u2026 Afinal, se voc\u00ea gosta de algu\u00e9m, gosta e pronto! \ud83d\ude42<\/p>\n<p>Tamb\u00e9m recordou e com raz\u00e3o, que os seus colegas masculinos de Hollywood, que na sua maioria rondam os 50 anos, quase todos vivem com mulheres de 30!<\/p>\n<p>Por \u00faltimo, \u00ab\u00a0Ji Lo\u00a0\u00bb revelou sem embara\u00e7o ter sido tra\u00edda no passado por um dos ex-namorados\u2026 um homem com certeza mais jovem (como voc\u00ea sup\u00f4s!).?At\u00e9 um s\u00edmbolo sexual como ela (com uma lista impressionante de conquistas: P. Diddy, Ben Affleck \u2026) pode tamb\u00e9m ser v\u00edtima de infidelidade.?Mundo cruel!!!<\/p>\n<p><img loading=\"lazy\" decoding=\"async\" class=\"aligncenter wp-image-45 size-medium\" src=\"http:\/\/www.cougarportugal.com\/wp-content\/uploads\/2017\/02\/mulheres-Cougar-585x453.jpg\" width=\"585\" height=\"453\" \/><\/p>\n<p>&nbsp;<\/p>\n","protected":false},"excerpt":{"rendered":"<p>A famosa atriz e cantora incomodou-se recentemente num programa de televis\u00e3o contra o uso do termo \u00ab\u00a0Cougar\u00a0\u00bb, que aparentemente julga as mulheres de um modo sexista e mis\u00f3gino\u2026 \u201cExiste um termo equivalente para os homens?\u201d perguntou. ?A resposta \u00e9 sim: existe o termo \u00ab\u00a0homem predador\u00a0\u00bb, mas h\u00e1 que reconhecer que n\u00e3o soa muito bem e [&hellip;]<br \/><a href=\"https:\/\/www.cougarportugal.com\/index.php\/a-cougar-segundo-jennifer-lopez\/\" class=\"more-link\" >Continue reading&#8230;<\/a><\/p>\n","protected":false},"author":1,"featured_media":0,"parent":0,"menu_order":0,"comment_status":"closed","ping_status":"closed","template":"","meta":{"footnotes":""},"class_list":["post-19","page","type-page","status-publish","hentry"],"_links":{"self":[{"href":"https:\/\/www.cougarportugal.com\/index.php\/wp-json\/wp\/v2\/pages\/19","targetHints":{"allow":["GET"]}}],"collection":[{"href":"https:\/\/www.cougarportugal.com\/index.php\/wp-json\/wp\/v2\/pages"}],"about":[{"href":"https:\/\/www.cougarportugal.com\/index.php\/wp-json\/wp\/v2\/types\/page"}],"author":[{"embeddable":true,"href":"https:\/\/www.cougarportugal.com\/index.php\/wp-json\/wp\/v2\/users\/1"}],"replies":[{"embeddable":true,"href":"https:\/\/www.cougarportugal.com\/index.php\/wp-json\/wp\/v2\/comments?post=19"}],"version-history":[{"count":4,"href":"https:\/\/www.cougarportugal.com\/index.php\/wp-json\/wp\/v2\/pages\/19\/revisions"}],"predecessor-version":[{"id":46,"href":"https:\/\/www.cougarportugal.com\/index.php\/wp-json\/wp\/v2\/pages\/19\/revisions\/46"}],"wp:attachment":[{"href":"https:\/\/www.cougarportugal.com\/index.php\/wp-json\/wp\/v2\/media?parent=19"}],"curies":[{"name":"wp","href":"https:\/\/api.w.org\/{rel}","templated":true}]}}