{"id":26,"date":"2017-02-27T17:41:20","date_gmt":"2017-02-27T16:41:20","guid":{"rendered":"http:\/\/www.cougarportugal.com\/?page_id=26"},"modified":"2022-04-05T16:51:04","modified_gmt":"2022-04-05T15:51:04","slug":"os-homens-fantasiam-com-cougars-ou-mulheres-maduras","status":"publish","type":"page","link":"https:\/\/www.cougarportugal.com\/index.php\/os-homens-fantasiam-com-cougars-ou-mulheres-maduras\/","title":{"rendered":"OS HOMENS FANTASIAM COM COUGARS OU MULHERES MADURAS"},"content":{"rendered":"<p>Diferentes dos Sugar Daddy\u2019s que apreciam geralmente mulheres jovens, muitos homens jovens fantasiam com belas mulheres maduras de 40 anos e mais.<\/p>\n<p>De verdade, as Cougars ou mulheres maduras, s\u00e3o por defini\u00e7\u00e3o livres, atrativas, din\u00e2micas e assumidas\u2026<\/p>\n<p>Tendem a ser financeiramente independentes, na maioria dos casos sem filhos a seu cargo e recetivas a rela\u00e7\u00f5es de um dia\u2026<\/p>\n<p>Por \u00faltimo, tamb\u00e9m t\u00eam mais experi\u00eancia acerca da sua libido, capazes de guiar o seu parceiro na rela\u00e7\u00e3o.<\/p>\n<p><img loading=\"lazy\" decoding=\"async\" class=\"size-medium wp-image-86 aligncenter\" src=\"http:\/\/www.cougarportugal.com\/wp-content\/uploads\/2017\/02\/MULHERES-MADURAS-406x585.jpg\" alt=\"\" width=\"406\" height=\"585\" srcset=\"https:\/\/www.cougarportugal.com\/wp-content\/uploads\/2017\/02\/MULHERES-MADURAS-406x585.jpg 406w, https:\/\/www.cougarportugal.com\/wp-content\/uploads\/2017\/02\/MULHERES-MADURAS.jpg 585w\" sizes=\"auto, (max-width: 406px) 100vw, 406px\" \/><\/p>\n","protected":false},"excerpt":{"rendered":"<p>Diferentes dos Sugar Daddy\u2019s que apreciam geralmente mulheres jovens, muitos homens jovens fantasiam com belas mulheres maduras de 40 anos e mais. De verdade, as Cougars ou mulheres maduras, s\u00e3o por defini\u00e7\u00e3o livres, atrativas, din\u00e2micas e assumidas\u2026 Tendem a ser financeiramente independentes, na maioria dos casos sem filhos a seu cargo e recetivas a rela\u00e7\u00f5es [&hellip;]<br \/><a href=\"https:\/\/www.cougarportugal.com\/index.php\/os-homens-fantasiam-com-cougars-ou-mulheres-maduras\/\" class=\"more-link\" >Continue reading&#8230;<\/a><\/p>\n","protected":false},"author":1,"featured_media":0,"parent":0,"menu_order":0,"comment_status":"closed","ping_status":"closed","template":"","meta":{"footnotes":""},"class_list":["post-26","page","type-page","status-publish","hentry"],"_links":{"self":[{"href":"https:\/\/www.cougarportugal.com\/index.php\/wp-json\/wp\/v2\/pages\/26","targetHints":{"allow":["GET"]}}],"collection":[{"href":"https:\/\/www.cougarportugal.com\/index.php\/wp-json\/wp\/v2\/pages"}],"about":[{"href":"https:\/\/www.cougarportugal.com\/index.php\/wp-json\/wp\/v2\/types\/page"}],"author":[{"embeddable":true,"href":"https:\/\/www.cougarportugal.com\/index.php\/wp-json\/wp\/v2\/users\/1"}],"replies":[{"embeddable":true,"href":"https:\/\/www.cougarportugal.com\/index.php\/wp-json\/wp\/v2\/comments?post=26"}],"version-history":[{"count":5,"href":"https:\/\/www.cougarportugal.com\/index.php\/wp-json\/wp\/v2\/pages\/26\/revisions"}],"predecessor-version":[{"id":137,"href":"https:\/\/www.cougarportugal.com\/index.php\/wp-json\/wp\/v2\/pages\/26\/revisions\/137"}],"wp:attachment":[{"href":"https:\/\/www.cougarportugal.com\/index.php\/wp-json\/wp\/v2\/media?parent=26"}],"curies":[{"name":"wp","href":"https:\/\/api.w.org\/{rel}","templated":true}]}}